{"id":1428,"date":"2020-02-29T21:23:01","date_gmt":"2020-02-29T21:23:01","guid":{"rendered":"http:\/\/edelundglueck.de\/?page_id=1428"},"modified":"2023-03-10T17:03:51","modified_gmt":"2023-03-10T17:03:51","slug":"impressum","status":"publish","type":"page","link":"https:\/\/edelundglueck.de\/?page_id=1428","title":{"rendered":"Impressum"},"content":{"rendered":"\t\t<div data-elementor-type=\"wp-page\" data-elementor-id=\"1428\" class=\"elementor elementor-1428\" data-elementor-post-type=\"page\">\n\t\t\t\t\t\t<section class=\"elementor-section elementor-top-section elementor-element elementor-element-b02324e elementor-section-boxed elementor-section-height-default elementor-section-height-default\" data-id=\"b02324e\" data-element_type=\"section\" data-settings=\"{&quot;sticky&quot;:&quot;top&quot;,&quot;sticky_on&quot;:[&quot;desktop&quot;,&quot;tablet&quot;,&quot;mobile&quot;],&quot;sticky_offset&quot;:0,&quot;sticky_effects_offset&quot;:0}\">\n\t\t\t\t\t\t\t<div class=\"elementor-background-overlay\"><\/div>\n\t\t\t\t\t\t\t<div class=\"elementor-container elementor-column-gap-default\">\n\t\t\t\t\t<div class=\"elementor-column elementor-col-100 elementor-top-column elementor-element elementor-element-72d204c\" data-id=\"72d204c\" data-element_type=\"column\">\n\t\t\t<div class=\"elementor-widget-wrap elementor-element-populated\">\n\t\t\t\t\t\t<div class=\"elementor-element elementor-element-f383d83 elementor-nav-menu__align-center elementor-nav-menu--dropdown-tablet elementor-nav-menu__text-align-aside elementor-nav-menu--toggle elementor-nav-menu--burger elementor-widget elementor-widget-nav-menu\" data-id=\"f383d83\" data-element_type=\"widget\" data-settings=\"{&quot;layout&quot;:&quot;horizontal&quot;,&quot;submenu_icon&quot;:{&quot;value&quot;:&quot;&lt;i class=\\&quot;fas fa-caret-down\\&quot;&gt;&lt;\\\/i&gt;&quot;,&quot;library&quot;:&quot;fa-solid&quot;},&quot;toggle&quot;:&quot;burger&quot;}\" data-widget_type=\"nav-menu.default\">\n\t\t\t\t<div class=\"elementor-widget-container\">\n\t\t\t\t\t\t<nav class=\"elementor-nav-menu--main elementor-nav-menu__container elementor-nav-menu--layout-horizontal e--pointer-underline e--animation-fade\">\n\t\t\t\t<ul id=\"menu-1-f383d83\" class=\"elementor-nav-menu\"><li class=\"menu-item menu-item-type-post_type menu-item-object-page menu-item-home menu-item-1615\"><a href=\"https:\/\/edelundglueck.de\/\" class=\"elementor-item\">Startseite<\/a><\/li>\n<li class=\"menu-item menu-item-type-post_type menu-item-object-page menu-item-1614\"><a href=\"https:\/\/edelundglueck.de\/?page_id=1548\" class=\"elementor-item\">\u00dcber Uns<\/a><\/li>\n<li class=\"menu-item menu-item-type-post_type menu-item-object-page menu-item-1613\"><a href=\"https:\/\/edelundglueck.de\/?page_id=1562\" class=\"elementor-item\">Historie<\/a><\/li>\n<li class=\"menu-item menu-item-type-post_type menu-item-object-page menu-item-1612\"><a href=\"https:\/\/edelundglueck.de\/?page_id=1573\" class=\"elementor-item\">Auktionen<\/a><\/li>\n<li class=\"menu-item menu-item-type-post_type menu-item-object-page menu-item-1611\"><a href=\"https:\/\/edelundglueck.de\/?page_id=1595\" class=\"elementor-item\">Dienstleistungen<\/a><\/li>\n<li class=\"menu-item menu-item-type-post_type menu-item-object-page menu-item-2119\"><a href=\"https:\/\/edelundglueck.de\/?page_id=2091\" class=\"elementor-item\">Kontakt<\/a><\/li>\n<li class=\"menu-item menu-item-type-post_type menu-item-object-page menu-item-1434\"><a href=\"https:\/\/edelundglueck.de\/?page_id=1428\" class=\"elementor-item\">Impressum<\/a><\/li>\n<\/ul>\t\t\t<\/nav>\n\t\t\t\t\t<div class=\"elementor-menu-toggle\" role=\"button\" tabindex=\"0\" aria-label=\"Men\u00fc Umschalter\" aria-expanded=\"false\">\n\t\t\t<i aria-hidden=\"true\" role=\"presentation\" class=\"elementor-menu-toggle__icon--open eicon-menu-bar\"><\/i><i aria-hidden=\"true\" role=\"presentation\" class=\"elementor-menu-toggle__icon--close eicon-close\"><\/i>\t\t\t<span class=\"elementor-screen-only\">Men\u00fc<\/span>\n\t\t<\/div>\n\t\t\t\t\t<nav class=\"elementor-nav-menu--dropdown elementor-nav-menu__container\" aria-hidden=\"true\">\n\t\t\t\t<ul id=\"menu-2-f383d83\" class=\"elementor-nav-menu\"><li class=\"menu-item menu-item-type-post_type menu-item-object-page menu-item-home menu-item-1615\"><a href=\"https:\/\/edelundglueck.de\/\" class=\"elementor-item\" tabindex=\"-1\">Startseite<\/a><\/li>\n<li class=\"menu-item menu-item-type-post_type menu-item-object-page menu-item-1614\"><a href=\"https:\/\/edelundglueck.de\/?page_id=1548\" class=\"elementor-item\" tabindex=\"-1\">\u00dcber Uns<\/a><\/li>\n<li class=\"menu-item menu-item-type-post_type menu-item-object-page menu-item-1613\"><a href=\"https:\/\/edelundglueck.de\/?page_id=1562\" class=\"elementor-item\" tabindex=\"-1\">Historie<\/a><\/li>\n<li class=\"menu-item menu-item-type-post_type menu-item-object-page menu-item-1612\"><a href=\"https:\/\/edelundglueck.de\/?page_id=1573\" class=\"elementor-item\" tabindex=\"-1\">Auktionen<\/a><\/li>\n<li class=\"menu-item menu-item-type-post_type menu-item-object-page menu-item-1611\"><a href=\"https:\/\/edelundglueck.de\/?page_id=1595\" class=\"elementor-item\" tabindex=\"-1\">Dienstleistungen<\/a><\/li>\n<li class=\"menu-item menu-item-type-post_type menu-item-object-page menu-item-2119\"><a href=\"https:\/\/edelundglueck.de\/?page_id=2091\" class=\"elementor-item\" tabindex=\"-1\">Kontakt<\/a><\/li>\n<li class=\"menu-item menu-item-type-post_type menu-item-object-page menu-item-1434\"><a href=\"https:\/\/edelundglueck.de\/?page_id=1428\" class=\"elementor-item\" tabindex=\"-1\">Impressum<\/a><\/li>\n<\/ul>\t\t\t<\/nav>\n\t\t\t\t<\/div>\n\t\t\t\t<\/div>\n\t\t\t\t\t<\/div>\n\t\t<\/div>\n\t\t\t\t\t<\/div>\n\t\t<\/section>\n\t\t\t\t<section class=\"elementor-section elementor-top-section elementor-element elementor-element-8632ac6 elementor-section-boxed elementor-section-height-default elementor-section-height-default\" data-id=\"8632ac6\" data-element_type=\"section\">\n\t\t\t\t\t\t\t<div class=\"elementor-background-overlay\"><\/div>\n\t\t\t\t\t\t\t<div class=\"elementor-container elementor-column-gap-default\">\n\t\t\t\t\t<div class=\"elementor-column elementor-col-100 elementor-top-column elementor-element elementor-element-0b4f63f\" data-id=\"0b4f63f\" data-element_type=\"column\">\n\t\t\t<div class=\"elementor-widget-wrap elementor-element-populated\">\n\t\t\t\t\t\t<div class=\"elementor-element elementor-element-3a55c16 elementor-widget elementor-widget-text-editor\" data-id=\"3a55c16\" data-element_type=\"widget\" data-widget_type=\"text-editor.default\">\n\t\t\t\t<div class=\"elementor-widget-container\">\n\t\t\t\t\t\t\t<div class=\"ce_text first block\">\n<p><h4><strong>Ed<\/strong><b>el und Gl\u00fcck<\/b><\/h4>Gesch\u00e4ftsf\u00fchrer: Romana Herzstein<br>Eschersheimer Landstr. 273<br>60320 Frankfurt am Main<\/p>\n<p>TEL 069 &#8211; 714 373 81<\/p>\n<p>Gerichtsstand Frankfurt am Main<br>USt-Id Nr. 014-827-03806<\/p>\n<p>E-Mail: info@edelundglueck.de<\/p>\n<\/div>\n<div class=\"ce_text block\">\n<h4>Rechtliche Hinweise<\/h4>\n<p>Unsere&nbsp;Allgemeinen Gesch\u00e4ftsbedingungen finden Sie hier.<\/p>\n<p>Inhalt, Struktur und Gestaltung der Website www.edelundglueck.de sind urheberrechtlich gesch\u00fctzt. Die Vervielf\u00e4ltigung, Darstellung, Verbreitung, Ver\u00f6ffentlichung, \u00dcbermittlung, Lizenzierung, Bearbeitung, \u00c4nderung, Verfremdung, Nutzung oder der Verkauf von Informationen oder Daten, f\u00fcr welche Zwecke auch immer, insbesondere der Texte, Textteile oder Bildmaterial, bedarf der vorherigen schriftlichen Zustimmung durch die Edel und Gl\u00fcck.<\/p>\n<h3>Haftung f\u00fcr Links<\/h3>\n<p>Unser Angebot enth\u00e4lt Links zu externen Webseiten Dritter, auf deren Inhalte wir keinen Einfluss haben. Deshalb k\u00f6nnen wir f\u00fcr diese fremden Inhalte auch keine Gew\u00e4hr \u00fcbernehmen. F\u00fcr die Inhalte der verlinkten Seiten ist stets der jeweilige Anbieter oder Betreiber der Seiten verantwortlich. Die verlinkten Seiten wurden zum Zeitpunkt der Verlinkung auf m\u00f6gliche Rechtsverst\u00f6\u00dfe \u00fcberpr\u00fcft. Rechtswidrige Inhalte waren zum Zeitpunkt der Verlinkung nicht erkennbar. Eine permanente inhaltliche Kontrolle der verlinkten Seiten ist jedoch ohne konkrete Anhaltspunkte einer Rechtsverletzung nicht zumutbar. Bei Bekanntwerden von Rechtsverletzungen werden wir derartige Links umgehend entfernen.<\/p>\n<\/div>\t\t\t\t\t\t<\/div>\n\t\t\t\t<\/div>\n\t\t\t\t<div class=\"elementor-element elementor-element-cf7eec5 elementor-widget elementor-widget-text-editor\" data-id=\"cf7eec5\" data-element_type=\"widget\" data-widget_type=\"text-editor.default\">\n\t\t\t\t<div class=\"elementor-widget-container\">\n\t\t\t\t\t\t\t<p>Wir Empfehlen Ihnen auch die Seite : <a href=\"http:\/\/www.fcls-ffm.de\">www.fcls-ffm.de<\/a><\/p>\t\t\t\t\t\t<\/div>\n\t\t\t\t<\/div>\n\t\t\t\t\t<\/div>\n\t\t<\/div>\n\t\t\t\t\t<\/div>\n\t\t<\/section>\n\t\t\t\t<section class=\"elementor-section elementor-top-section elementor-element elementor-element-120f0f07 elementor-section-boxed elementor-section-height-default elementor-section-height-default\" data-id=\"120f0f07\" data-element_type=\"section\" data-settings=\"{&quot;background_background&quot;:&quot;classic&quot;}\">\n\t\t\t\t\t\t<div class=\"elementor-container elementor-column-gap-default\">\n\t\t\t\t\t<div class=\"elementor-column elementor-col-100 elementor-top-column elementor-element elementor-element-339f9c40\" data-id=\"339f9c40\" data-element_type=\"column\">\n\t\t\t<div class=\"elementor-widget-wrap elementor-element-populated\">\n\t\t\t\t\t\t<section class=\"elementor-section elementor-inner-section elementor-element elementor-element-4192c103 elementor-section-boxed elementor-section-height-default elementor-section-height-default\" data-id=\"4192c103\" data-element_type=\"section\">\n\t\t\t\t\t\t<div class=\"elementor-container elementor-column-gap-default\">\n\t\t\t\t\t<div class=\"elementor-column elementor-col-33 elementor-inner-column elementor-element elementor-element-3dd61cdc\" data-id=\"3dd61cdc\" data-element_type=\"column\">\n\t\t\t<div class=\"elementor-widget-wrap elementor-element-populated\">\n\t\t\t\t\t\t<div class=\"elementor-element elementor-element-6ded3a8a elementor-widget elementor-widget-text-editor\" data-id=\"6ded3a8a\" data-element_type=\"widget\" data-widget_type=\"text-editor.default\">\n\t\t\t\t<div class=\"elementor-widget-container\">\n\t\t\t\t\t\t\t<p>Eschersheimer Landstra\u00dfe 273, 60320 Frankfurt \/ Main<\/p>\t\t\t\t\t\t<\/div>\n\t\t\t\t<\/div>\n\t\t\t\t\t<\/div>\n\t\t<\/div>\n\t\t\t\t<div class=\"elementor-column elementor-col-33 elementor-inner-column elementor-element elementor-element-4c7d65cc\" data-id=\"4c7d65cc\" data-element_type=\"column\">\n\t\t\t<div class=\"elementor-widget-wrap elementor-element-populated\">\n\t\t\t\t\t\t<div class=\"elementor-element elementor-element-138fd220 elementor-widget elementor-widget-text-editor\" data-id=\"138fd220\" data-element_type=\"widget\" data-widget_type=\"text-editor.default\">\n\t\t\t\t<div class=\"elementor-widget-container\">\n\t\t\t\t\t\t\t<p><span class=\"w8qArf\">Telefon:\u00a0<\/span><span class=\"LrzXr zdqRlf kno-fv\"><span aria-label=\"069 71437381 anrufen\">069 \/ 71 43 73 81<\/span><\/span><\/p>\t\t\t\t\t\t<\/div>\n\t\t\t\t<\/div>\n\t\t\t\t\t<\/div>\n\t\t<\/div>\n\t\t\t\t<div class=\"elementor-column elementor-col-33 elementor-inner-column elementor-element elementor-element-2782924f\" data-id=\"2782924f\" data-element_type=\"column\">\n\t\t\t<div class=\"elementor-widget-wrap elementor-element-populated\">\n\t\t\t\t\t\t<div class=\"elementor-element elementor-element-523f1286 elementor-widget elementor-widget-text-editor\" data-id=\"523f1286\" data-element_type=\"widget\" data-widget_type=\"text-editor.default\">\n\t\t\t\t<div class=\"elementor-widget-container\">\n\t\t\t\t\t\t\t<p>Wir begutachten Bundesweit Ihren Teppich vor Ort !<\/p>\t\t\t\t\t\t<\/div>\n\t\t\t\t<\/div>\n\t\t\t\t\t<\/div>\n\t\t<\/div>\n\t\t\t\t\t<\/div>\n\t\t<\/section>\n\t\t\t\t\t<\/div>\n\t\t<\/div>\n\t\t\t\t\t<\/div>\n\t\t<\/section>\n\t\t\t\t<\/div>\n\t\t","protected":false},"excerpt":{"rendered":"<p>Edel und Gl\u00fcck Gesch\u00e4ftsf\u00fchrer: Romana HerzsteinEschersheimer Landstr. 27360320 Frankfurt am Main TEL 069 &#8211; 714 373 81 Gerichtsstand Frankfurt am MainUSt-Id Nr. 014-827-03806 E-Mail: info@edelundglueck.de Rechtliche Hinweise Unsere&nbsp;Allgemeinen Gesch\u00e4ftsbedingungen finden Sie hier. Inhalt, Struktur und Gestaltung der Website www.edelundglueck.de sind urheberrechtlich gesch\u00fctzt. Die Vervielf\u00e4ltigung, Darstellung, Verbreitung, Ver\u00f6ffentlichung, \u00dcbermittlung, Lizenzierung, Bearbeitung,&#8230;<\/p>\n","protected":false},"author":1,"featured_media":0,"parent":0,"menu_order":0,"comment_status":"closed","ping_status":"closed","template":"","meta":[],"_links":{"self":[{"href":"https:\/\/edelundglueck.de\/index.php?rest_route=\/wp\/v2\/pages\/1428"}],"collection":[{"href":"https:\/\/edelundglueck.de\/index.php?rest_route=\/wp\/v2\/pages"}],"about":[{"href":"https:\/\/edelundglueck.de\/index.php?rest_route=\/wp\/v2\/types\/page"}],"author":[{"embeddable":true,"href":"https:\/\/edelundglueck.de\/index.php?rest_route=\/wp\/v2\/users\/1"}],"replies":[{"embeddable":true,"href":"https:\/\/edelundglueck.de\/index.php?rest_route=%2Fwp%2Fv2%2Fcomments&post=1428"}],"version-history":[{"count":33,"href":"https:\/\/edelundglueck.de\/index.php?rest_route=\/wp\/v2\/pages\/1428\/revisions"}],"predecessor-version":[{"id":2395,"href":"https:\/\/edelundglueck.de\/index.php?rest_route=\/wp\/v2\/pages\/1428\/revisions\/2395"}],"wp:attachment":[{"href":"https:\/\/edelundglueck.de\/index.php?rest_route=%2Fwp%2Fv2%2Fmedia&parent=1428"}],"curies":[{"name":"wp","href":"https:\/\/api.w.org\/{rel}","templated":true}]}}